{"id":5416,"date":"2015-11-23T19:27:28","date_gmt":"2015-11-23T19:27:28","guid":{"rendered":"http:\/\/demo.wpzoom.com\/insight\/?page_id=5416"},"modified":"2021-01-25T17:25:49","modified_gmt":"2021-01-25T17:25:49","slug":"kontakt","status":"publish","type":"page","link":"https:\/\/apartmentshalkidiki.net\/sr\/kontakt","title":{"rendered":"Kontakt"},"content":{"rendered":"<p>Za sve informacije u vezi nekretnine na prodaju na Halkidikiju (Psakudija Sitonija) budite slobodni da nas kontaktirate. Opcije za kontakt u vezi ku\u0107a i apartmana na prodaju su telefonom (Gr\u010dki mobilni operater), Viber na istom broju. Mo\u017eete nam pisati na dole navedenu e-mail adresu ili popuniti kontakt formu. Rado \u0107emo odgovoriti na sva va\u0161a pitanja.<\/p>\n<p><strong>Kontakt informacije<\/strong>:<\/p>\n<blockquote><p>Telefon: <a href=\"tel:+306973688627\">(+30) 697 3688 627<\/a><br \/>\nViber: <a href=\"tel:+306973688627\">(+30) 697 3688 627<\/a><br \/>\nE-mail: <a href=\"mailto:chatzipetroum@gmail.com\">psakoudia (@) apartmentshalkidiki.net<\/a><\/p><\/blockquote>\n<div class=\"wpforms-container wpforms-container-full\" id=\"wpforms-5603\"><form id=\"wpforms-form-5603\" class=\"wpforms-validate wpforms-form\" data-formid=\"5603\" method=\"post\" enctype=\"multipart\/form-data\" action=\"\/sr\/wp-json\/wp\/v2\/pages\/5416\" data-token=\"f0f06854fbbe09914e702346143dd654\" data-token-time=\"1777557083\"><noscript class=\"wpforms-error-noscript\">Please enable JavaScript in your browser to complete this form.<\/noscript><div class=\"wpforms-field-container\"><div id=\"wpforms-5603-field_0-container\" class=\"wpforms-field wpforms-field-name\" data-field-id=\"0\"><label class=\"wpforms-field-label\" for=\"wpforms-5603-field_0\">Ime <span class=\"wpforms-required-label\">*<\/span><\/label><input type=\"text\" id=\"wpforms-5603-field_0\" class=\"wpforms-field-medium wpforms-field-required\" name=\"wpforms[fields][0]\" required><\/div><div id=\"wpforms-5603-field_1-container\" class=\"wpforms-field wpforms-field-email\" data-field-id=\"1\"><label class=\"wpforms-field-label\">E-mail <span class=\"wpforms-required-label\">*<\/span><\/label><div class=\"wpforms-field-row wpforms-field-medium\"><div class=\"wpforms-field-row-block wpforms-one-half wpforms-first\"><input type=\"email\" id=\"wpforms-5603-field_1\" class=\"wpforms-field-required wpforms-field-email-primary\" name=\"wpforms[fields][1][primary]\" placeholder=\"upi\u0161i email adresu\" spellcheck=\"false\" required><label for=\"wpforms-5603-field_1\" class=\"wpforms-field-sublabel after\">Email<\/label><\/div><div class=\"wpforms-field-row-block wpforms-one-half\"><input type=\"email\" id=\"wpforms-5603-field_1-secondary\" class=\"wpforms-field-email-secondary wpforms-field-required\" data-rule-confirm=\"#wpforms-5603-field_1\" name=\"wpforms[fields][1][secondary]\" placeholder=\"potvrdi email adresu\" spellcheck=\"false\" required><label for=\"wpforms-5603-field_1-secondary\" class=\"wpforms-field-sublabel after\">Confirm Email<\/label><\/div><\/div><\/div><div id=\"wpforms-5603-field_2-container\" class=\"wpforms-field wpforms-field-textarea\" data-field-id=\"2\"><label class=\"wpforms-field-label\" for=\"wpforms-5603-field_2\">Komentar ili poruka <span class=\"wpforms-required-label\">*<\/span><\/label><textarea id=\"wpforms-5603-field_2\" class=\"wpforms-field-large wpforms-field-required\" name=\"wpforms[fields][2]\" required><\/textarea><\/div><\/div><!-- .wpforms-field-container --><div class=\"wpforms-recaptcha-container wpforms-is-recaptcha wpforms-is-recaptcha-type-v2\" ><div class=\"g-recaptcha\" data-sitekey=\"6LfpEikUAAAAAMBinH2XNBEFttITpTuTCK2MBsuc\"><\/div><input type=\"text\" name=\"g-recaptcha-hidden\" class=\"wpforms-recaptcha-hidden\" style=\"position:absolute!important;clip:rect(0,0,0,0)!important;height:1px!important;width:1px!important;border:0!important;overflow:hidden!important;padding:0!important;margin:0!important;\" data-rule-recaptcha=\"1\"><\/div><div class=\"wpforms-submit-container\" ><input type=\"hidden\" name=\"wpforms[id]\" value=\"5603\"><input type=\"hidden\" name=\"page_title\" value=\"\"><input type=\"hidden\" name=\"page_url\" value=\"https:\/\/apartmentshalkidiki.net\/sr\/wp-json\/wp\/v2\/pages\/5416\"><input type=\"hidden\" name=\"url_referer\" value=\"\"><button type=\"submit\" name=\"wpforms[submit]\" id=\"wpforms-submit-5603\" class=\"wpforms-submit\" data-alt-text=\"Slanje u toku...\" data-submit-text=\"Po\u0161alji\" aria-live=\"assertive\" value=\"wpforms-submit\">Po\u0161alji<\/button><\/div><\/form><\/div>  <!-- .wpforms-container -->\n<p><iframe loading=\"lazy\" src=\"https:\/\/www.google.com\/maps\/embed?pb=!1m14!1m8!1m3!1d782626.0713115941!2d23.630648!3d39.983131!3m2!1i1024!2i768!4f13.1!3m3!1m2!1s0x0%3A0xbb791387ddbf3517!2shalkidiki+apartments+for+sale!5e0!3m2!1sen!2srs!4v1499888429373\" width=\"700\" height=\"650\" style=\"border:0\" allowfullscreen><\/iframe><\/p>\n","protected":false},"excerpt":{"rendered":"<p>Za sve informacije u vezi nekretnine na prodaju na Halkidikiju (Psakudija Sitonija) budite slobodni da nas kontaktirate. Opcije za kontakt u vezi ku\u0107a i apartmana na prodaju su telefonom (Gr\u010dki mobilni operater), Viber na istom broju. Mo\u017eete nam pisati na dole navedenu e-mail adresu ili popuniti kontakt formu. Rado \u0107emo [&hellip;]<\/p>\n","protected":false},"author":1,"featured_media":5521,"parent":0,"menu_order":0,"comment_status":"closed","ping_status":"closed","template":"","meta":{"footnotes":""},"class_list":["post-5416","page","type-page","status-publish","has-post-thumbnail"],"yoast_head":"<!-- This site is optimized with the Yoast SEO plugin v27.5 - https:\/\/yoast.com\/product\/yoast-seo-wordpress\/ -->\n<title>Kontakt informacije za nekretnine na prodaju u Psakudiji na Halkidikiju<\/title>\n<meta name=\"description\" content=\"Za sve informacije u vezi nekretnine na prodaju na Halkidikiju (Psakudija Sitonija) slobodno nas kontaktirate. Opcije su telefon email Viber.\" \/>\n<meta name=\"robots\" content=\"index, follow, max-snippet:-1, max-image-preview:large, max-video-preview:-1\" \/>\n<link rel=\"canonical\" href=\"https:\/\/apartmentshalkidiki.net\/sr\/kontakt\" \/>\n<meta property=\"og:locale\" content=\"sr_RS\" \/>\n<meta property=\"og:type\" content=\"article\" \/>\n<meta property=\"og:title\" content=\"Kontakt informacije za nekretnine na prodaju u Psakudiji na Halkidikiju\" \/>\n<meta property=\"og:description\" content=\"Za sve informacije u vezi nekretnine na prodaju na Halkidikiju (Psakudija Sitonija) slobodno nas kontaktirate. Opcije su telefon email Viber.\" \/>\n<meta property=\"og:url\" content=\"https:\/\/apartmentshalkidiki.net\/sr\/kontakt\" \/>\n<meta property=\"og:site_name\" content=\"Halkidiki nekretnine\" \/>\n<meta property=\"article:publisher\" content=\"https:\/\/www.facebook.com\/Halkidiki.properties.for.sale\/\" \/>\n<meta property=\"article:modified_time\" content=\"2021-01-25T17:25:49+00:00\" \/>\n<meta property=\"og:image\" content=\"https:\/\/apartmentshalkidiki.net\/sr\/wp-content\/uploads\/2015\/11\/halkidiki-apartments-for-sale-pefkohori-and-psakudia-contact.jpg\" \/>\n\t<meta property=\"og:image:width\" content=\"2000\" \/>\n\t<meta property=\"og:image:height\" content=\"800\" \/>\n\t<meta property=\"og:image:type\" content=\"image\/jpeg\" \/>\n<meta name=\"twitter:card\" content=\"summary_large_image\" \/>\n<script type=\"application\/ld+json\" class=\"yoast-schema-graph\">{\"@context\":\"https:\\\/\\\/schema.org\",\"@graph\":[{\"@type\":\"WebPage\",\"@id\":\"https:\\\/\\\/apartmentshalkidiki.net\\\/sr\\\/kontakt\",\"url\":\"https:\\\/\\\/apartmentshalkidiki.net\\\/sr\\\/kontakt\",\"name\":\"Kontakt informacije za nekretnine na prodaju u Psakudiji na Halkidikiju\",\"isPartOf\":{\"@id\":\"https:\\\/\\\/apartmentshalkidiki.net\\\/sr\\\/#website\"},\"primaryImageOfPage\":{\"@id\":\"https:\\\/\\\/apartmentshalkidiki.net\\\/sr\\\/kontakt#primaryimage\"},\"image\":{\"@id\":\"https:\\\/\\\/apartmentshalkidiki.net\\\/sr\\\/kontakt#primaryimage\"},\"thumbnailUrl\":\"https:\\\/\\\/apartmentshalkidiki.net\\\/sr\\\/wp-content\\\/uploads\\\/2015\\\/11\\\/halkidiki-apartments-for-sale-pefkohori-and-psakudia-contact.jpg\",\"datePublished\":\"2015-11-23T19:27:28+00:00\",\"dateModified\":\"2021-01-25T17:25:49+00:00\",\"description\":\"Za sve informacije u vezi nekretnine na prodaju na Halkidikiju (Psakudija Sitonija) slobodno nas kontaktirate. Opcije su telefon email Viber.\",\"breadcrumb\":{\"@id\":\"https:\\\/\\\/apartmentshalkidiki.net\\\/sr\\\/kontakt#breadcrumb\"},\"inLanguage\":\"sr-RS\",\"potentialAction\":[{\"@type\":\"ReadAction\",\"target\":[\"https:\\\/\\\/apartmentshalkidiki.net\\\/sr\\\/kontakt\"]}]},{\"@type\":\"ImageObject\",\"inLanguage\":\"sr-RS\",\"@id\":\"https:\\\/\\\/apartmentshalkidiki.net\\\/sr\\\/kontakt#primaryimage\",\"url\":\"https:\\\/\\\/apartmentshalkidiki.net\\\/sr\\\/wp-content\\\/uploads\\\/2015\\\/11\\\/halkidiki-apartments-for-sale-pefkohori-and-psakudia-contact.jpg\",\"contentUrl\":\"https:\\\/\\\/apartmentshalkidiki.net\\\/sr\\\/wp-content\\\/uploads\\\/2015\\\/11\\\/halkidiki-apartments-for-sale-pefkohori-and-psakudia-contact.jpg\",\"width\":2000,\"height\":800,\"caption\":\"Kontakt za nekretnine Halkidiki na prodaju\"},{\"@type\":\"BreadcrumbList\",\"@id\":\"https:\\\/\\\/apartmentshalkidiki.net\\\/sr\\\/kontakt#breadcrumb\",\"itemListElement\":[{\"@type\":\"ListItem\",\"position\":1,\"name\":\"Apartmani Halkidiki prodaja\",\"item\":\"https:\\\/\\\/apartmentshalkidiki.net\\\/sr\"},{\"@type\":\"ListItem\",\"position\":2,\"name\":\"Kontakt\"}]},{\"@type\":\"WebSite\",\"@id\":\"https:\\\/\\\/apartmentshalkidiki.net\\\/sr\\\/#website\",\"url\":\"https:\\\/\\\/apartmentshalkidiki.net\\\/sr\\\/\",\"name\":\"Halkidiki nekretnine\",\"description\":\"Halkidiki nekretnine\",\"publisher\":{\"@id\":\"https:\\\/\\\/apartmentshalkidiki.net\\\/sr\\\/#organization\"},\"potentialAction\":[{\"@type\":\"SearchAction\",\"target\":{\"@type\":\"EntryPoint\",\"urlTemplate\":\"https:\\\/\\\/apartmentshalkidiki.net\\\/sr\\\/?s={search_term_string}\"},\"query-input\":{\"@type\":\"PropertyValueSpecification\",\"valueRequired\":true,\"valueName\":\"search_term_string\"}}],\"inLanguage\":\"sr-RS\"},{\"@type\":\"Organization\",\"@id\":\"https:\\\/\\\/apartmentshalkidiki.net\\\/sr\\\/#organization\",\"name\":\"Nekretnine Halkidiki\",\"url\":\"https:\\\/\\\/apartmentshalkidiki.net\\\/sr\\\/\",\"logo\":{\"@type\":\"ImageObject\",\"inLanguage\":\"sr-RS\",\"@id\":\"https:\\\/\\\/apartmentshalkidiki.net\\\/sr\\\/#\\\/schema\\\/logo\\\/image\\\/\",\"url\":\"https:\\\/\\\/apartmentshalkidiki.net\\\/sr\\\/wp-content\\\/uploads\\\/2018\\\/04\\\/logo.jpg\",\"contentUrl\":\"https:\\\/\\\/apartmentshalkidiki.net\\\/sr\\\/wp-content\\\/uploads\\\/2018\\\/04\\\/logo.jpg\",\"width\":392,\"height\":60,\"caption\":\"Nekretnine Halkidiki\"},\"image\":{\"@id\":\"https:\\\/\\\/apartmentshalkidiki.net\\\/sr\\\/#\\\/schema\\\/logo\\\/image\\\/\"},\"sameAs\":[\"https:\\\/\\\/www.facebook.com\\\/Halkidiki.properties.for.sale\\\/\"]}]}<\/script>\n<!-- \/ Yoast SEO plugin. -->","yoast_head_json":{"title":"Kontakt informacije za nekretnine na prodaju u Psakudiji na Halkidikiju","description":"Za sve informacije u vezi nekretnine na prodaju na Halkidikiju (Psakudija Sitonija) slobodno nas kontaktirate. Opcije su telefon email Viber.","robots":{"index":"index","follow":"follow","max-snippet":"max-snippet:-1","max-image-preview":"max-image-preview:large","max-video-preview":"max-video-preview:-1"},"canonical":"https:\/\/apartmentshalkidiki.net\/sr\/kontakt","og_locale":"sr_RS","og_type":"article","og_title":"Kontakt informacije za nekretnine na prodaju u Psakudiji na Halkidikiju","og_description":"Za sve informacije u vezi nekretnine na prodaju na Halkidikiju (Psakudija Sitonija) slobodno nas kontaktirate. Opcije su telefon email Viber.","og_url":"https:\/\/apartmentshalkidiki.net\/sr\/kontakt","og_site_name":"Halkidiki nekretnine","article_publisher":"https:\/\/www.facebook.com\/Halkidiki.properties.for.sale\/","article_modified_time":"2021-01-25T17:25:49+00:00","og_image":[{"width":2000,"height":800,"url":"https:\/\/apartmentshalkidiki.net\/sr\/wp-content\/uploads\/2015\/11\/halkidiki-apartments-for-sale-pefkohori-and-psakudia-contact.jpg","type":"image\/jpeg"}],"twitter_card":"summary_large_image","schema":{"@context":"https:\/\/schema.org","@graph":[{"@type":"WebPage","@id":"https:\/\/apartmentshalkidiki.net\/sr\/kontakt","url":"https:\/\/apartmentshalkidiki.net\/sr\/kontakt","name":"Kontakt informacije za nekretnine na prodaju u Psakudiji na Halkidikiju","isPartOf":{"@id":"https:\/\/apartmentshalkidiki.net\/sr\/#website"},"primaryImageOfPage":{"@id":"https:\/\/apartmentshalkidiki.net\/sr\/kontakt#primaryimage"},"image":{"@id":"https:\/\/apartmentshalkidiki.net\/sr\/kontakt#primaryimage"},"thumbnailUrl":"https:\/\/apartmentshalkidiki.net\/sr\/wp-content\/uploads\/2015\/11\/halkidiki-apartments-for-sale-pefkohori-and-psakudia-contact.jpg","datePublished":"2015-11-23T19:27:28+00:00","dateModified":"2021-01-25T17:25:49+00:00","description":"Za sve informacije u vezi nekretnine na prodaju na Halkidikiju (Psakudija Sitonija) slobodno nas kontaktirate. Opcije su telefon email Viber.","breadcrumb":{"@id":"https:\/\/apartmentshalkidiki.net\/sr\/kontakt#breadcrumb"},"inLanguage":"sr-RS","potentialAction":[{"@type":"ReadAction","target":["https:\/\/apartmentshalkidiki.net\/sr\/kontakt"]}]},{"@type":"ImageObject","inLanguage":"sr-RS","@id":"https:\/\/apartmentshalkidiki.net\/sr\/kontakt#primaryimage","url":"https:\/\/apartmentshalkidiki.net\/sr\/wp-content\/uploads\/2015\/11\/halkidiki-apartments-for-sale-pefkohori-and-psakudia-contact.jpg","contentUrl":"https:\/\/apartmentshalkidiki.net\/sr\/wp-content\/uploads\/2015\/11\/halkidiki-apartments-for-sale-pefkohori-and-psakudia-contact.jpg","width":2000,"height":800,"caption":"Kontakt za nekretnine Halkidiki na prodaju"},{"@type":"BreadcrumbList","@id":"https:\/\/apartmentshalkidiki.net\/sr\/kontakt#breadcrumb","itemListElement":[{"@type":"ListItem","position":1,"name":"Apartmani Halkidiki prodaja","item":"https:\/\/apartmentshalkidiki.net\/sr"},{"@type":"ListItem","position":2,"name":"Kontakt"}]},{"@type":"WebSite","@id":"https:\/\/apartmentshalkidiki.net\/sr\/#website","url":"https:\/\/apartmentshalkidiki.net\/sr\/","name":"Halkidiki nekretnine","description":"Halkidiki nekretnine","publisher":{"@id":"https:\/\/apartmentshalkidiki.net\/sr\/#organization"},"potentialAction":[{"@type":"SearchAction","target":{"@type":"EntryPoint","urlTemplate":"https:\/\/apartmentshalkidiki.net\/sr\/?s={search_term_string}"},"query-input":{"@type":"PropertyValueSpecification","valueRequired":true,"valueName":"search_term_string"}}],"inLanguage":"sr-RS"},{"@type":"Organization","@id":"https:\/\/apartmentshalkidiki.net\/sr\/#organization","name":"Nekretnine Halkidiki","url":"https:\/\/apartmentshalkidiki.net\/sr\/","logo":{"@type":"ImageObject","inLanguage":"sr-RS","@id":"https:\/\/apartmentshalkidiki.net\/sr\/#\/schema\/logo\/image\/","url":"https:\/\/apartmentshalkidiki.net\/sr\/wp-content\/uploads\/2018\/04\/logo.jpg","contentUrl":"https:\/\/apartmentshalkidiki.net\/sr\/wp-content\/uploads\/2018\/04\/logo.jpg","width":392,"height":60,"caption":"Nekretnine Halkidiki"},"image":{"@id":"https:\/\/apartmentshalkidiki.net\/sr\/#\/schema\/logo\/image\/"},"sameAs":["https:\/\/www.facebook.com\/Halkidiki.properties.for.sale\/"]}]}},"_links":{"self":[{"href":"https:\/\/apartmentshalkidiki.net\/sr\/wp-json\/wp\/v2\/pages\/5416","targetHints":{"allow":["GET"]}}],"collection":[{"href":"https:\/\/apartmentshalkidiki.net\/sr\/wp-json\/wp\/v2\/pages"}],"about":[{"href":"https:\/\/apartmentshalkidiki.net\/sr\/wp-json\/wp\/v2\/types\/page"}],"author":[{"embeddable":true,"href":"https:\/\/apartmentshalkidiki.net\/sr\/wp-json\/wp\/v2\/users\/1"}],"replies":[{"embeddable":true,"href":"https:\/\/apartmentshalkidiki.net\/sr\/wp-json\/wp\/v2\/comments?post=5416"}],"version-history":[{"count":0,"href":"https:\/\/apartmentshalkidiki.net\/sr\/wp-json\/wp\/v2\/pages\/5416\/revisions"}],"wp:featuredmedia":[{"embeddable":true,"href":"https:\/\/apartmentshalkidiki.net\/sr\/wp-json\/wp\/v2\/media\/5521"}],"wp:attachment":[{"href":"https:\/\/apartmentshalkidiki.net\/sr\/wp-json\/wp\/v2\/media?parent=5416"}],"curies":[{"name":"wp","href":"https:\/\/api.w.org\/{rel}","templated":true}]}}